{"id":1611,"date":"2024-07-29T17:05:03","date_gmt":"2024-07-29T17:05:03","guid":{"rendered":"https:\/\/www.ebocarestaurants.com\/aviso-legal\/"},"modified":"2026-02-12T15:38:47","modified_gmt":"2026-02-12T15:38:47","slug":"avis-legal","status":"publish","type":"page","link":"https:\/\/www.ebocarestaurants.com\/ca\/avis-legal\/","title":{"rendered":"AV\u00cdS LEGAL"},"content":{"rendered":"<div>\n<h3>1. Introducci\u00f3<\/h3>\n<p>El present text (d\u2019ara endavant, l\u2019\u201cAv\u00eds Legal\u201d) estableix les condicions d\u2019\u00fas de la p\u00e0gina web <a href=\"https:\/\/www.ebocarestaurants.com\/ca\/restaurants\/\">https:\/\/www.ebocarestaurants.com\/restaurantes\/<\/a> (d\u2019ara endavant, la \u201cP\u00e0gina Web\u201d). L\u2019acc\u00e9s a aquesta atribueix al visitant la condici\u00f3 d\u2019Usuari (d\u2019ara endavant, l\u2019\u201cUsuari\u201d), cosa que implica l\u2019adhesi\u00f3 i el comprom\u00eds de compliment de totes i cadascuna de les condicions contingudes en aquest Av\u00eds Legal en la versi\u00f3 publicada en el moment de l\u2019acc\u00e9s.<\/p>\n<p>La P\u00e0gina Web \u00e9s titularitat i est\u00e0 gestionada per HOTELES CATALONIA, SAU (d\u2019ara endavant, la \u201cCompanyia\u201d), societat de responsabilitat limitada inscrita en el Registre Mercantil de Barcelona, tom 2765, secci\u00f3 2a, foli 229, fulla 29428, inscripci\u00f3 1a, amb C.I.F. n\u00famero A58169152 i domicili social al carrer C\u00f2rsega, 323, 08037 Barcelona.<\/p>\n<p>La Companyia es reserva el dret a modificar, totalment o parcialment, en qualsevol moment i sense necessitat de preav\u00eds, aquest Av\u00eds Legal. Aquestes variacions produiran efectes des del mateix moment de la seva publicaci\u00f3. Les condicions d\u2019\u00fas vigents seran les que es trobin publicades en cada moment en aquest Av\u00eds Legal, i \u00e9s responsabilitat de l\u2019Usuari consultar-ne regularment el contingut per con\u00e8ixer-ne la versi\u00f3 actualitzada.<\/p>\n<h3>2. Navegaci\u00f3<\/h3>\n<p>L\u2019acc\u00e9s a aquesta P\u00e0gina Web \u00e9s responsabilitat exclusiva de l\u2019Usuari, que ha de fer-ne un \u00fas l\u00edcit, d\u2019acord amb el present Av\u00eds Legal i la legislaci\u00f3 vigent.<\/p>\n<p>La Companyia no es responsabilitza ni garanteix que l\u2019acc\u00e9s a la P\u00e0gina Web sigui ininterromput o estigui lliure d\u2019errors. Tampoc es responsabilitza ni garanteix que el contingut accessible a trav\u00e9s de la P\u00e0gina Web estigui lliure d\u2019errors o pugui causar algun dany. En cap cas la Companyia ser\u00e0 responsable de p\u00e8rdues, danys o perjudicis de qualsevol tipus que sorgeixin per l\u2019acc\u00e9s i la navegaci\u00f3 per la P\u00e0gina Web, incloent-hi, per\u00f2 no limitant-s\u2019hi, els ocasionats als sistemes inform\u00e0tics o els provocats per la introducci\u00f3 de virus.<\/p>\n<p>La Companyia tampoc no \u00e9s responsable dels danys que es puguin ocasionar als Usuaris per un \u00fas inadequat de la P\u00e0gina Web, ni per caigudes, interrupcions, manca o defecte de les telecomunicacions que puguin oc\u00f3rrer mentre l\u2019Usuari navega.<\/p>\n<h3>3. Propietat Intel\u00b7lectual i Industrial<\/h3>\n<p>La totalitat d\u2019aquest lloc web \u2014texts, elements gr\u00e0fics (disseny, codi font, marques, logotips, fotografies, botons, combinacions de colors i qualsevol altre element de creaci\u00f3 intel\u00b7lectual), aix\u00ed com la seva presentaci\u00f3, estructura, ordenaci\u00f3, configuraci\u00f3 i muntatge\u2014 constitueix propietat exclusiva de la Companyia o es troba sota llic\u00e8ncia de la mateixa i est\u00e0 protegida per la Llei de Propietat Intel\u00b7lectual.<\/p>\n<p>L\u2019acc\u00e9s a la P\u00e0gina Web no atorga a l\u2019Usuari cap dret ni titularitat sobre els drets de propietat intel\u00b7lectual o industrial ni sobre els continguts que cont\u00e9. Els Usuaris no podran copiar, modificar, distribuir, transmetre, reproduir, publicar, cedir ni vendre aquests elements ni crear productes o serveis derivats sense l\u2019autoritzaci\u00f3 expressa i per escrit de la Companyia.<\/p>\n<p>Queda terminantment prohibida l\u2019alteraci\u00f3 del contingut o l\u2019estructura d\u2019aquesta P\u00e0gina Web per part de l\u2019Usuari. La Companyia podr\u00e0 exercir les accions judicials corresponents contra els Usuaris que en vulnerin aquests drets.<\/p>\n<h3>4. Hipervincles<\/h3>\n<p>La P\u00e0gina Web pot incloure enlla\u00e7os (hipervincles) a altres p\u00e0gines web de tercers. La inclusi\u00f3 d\u2019aquests enlla\u00e7os no implica cap relaci\u00f3, aprovaci\u00f3 o acceptaci\u00f3 del contingut d\u2019aquestes p\u00e0gines, ni garanteix la seva licitud.<\/p>\n<p>La Companyia retirar\u00e0 qualsevol enlla\u00e7 tan aviat com tingui coneixement de la il\u00b7licitud del seu contingut o que lesionen b\u00e9ns o drets de tercers.<\/p>\n<h3>5. Pol\u00edtica de Privacitat<\/h3>\n<p>Per a m\u00e9s informaci\u00f3 sobre com tractem les teves dades personals, consulta la nostra Pol\u00edtica de Privacitat.<\/p>\n<h3>6. Seguretat<\/h3>\n<p>Els serveis d\u2019acc\u00e9s a informaci\u00f3 s\u2019executen en un entorn segur, utilitzant protocols de protecci\u00f3 de les dades comunicades. La informaci\u00f3 es transmet xifrada mitjan\u00e7ant connexi\u00f3 segura (HTTPS).<\/p>\n<h3>7. Contacte<\/h3>\n<p>La Companyia est\u00e0 a disposici\u00f3 dels Usuaris per millorar els continguts i serveis de la P\u00e0gina Web a trav\u00e9s del correu electr\u00f2nic: <a href=\"mailto:marketing@ebocarestaurants.com\">marketing@ebocarestaurants.com<\/a><\/p>\n<h3>8. Legislaci\u00f3 aplicable i jurisdicci\u00f3 competent<\/h3>\n<p>Aquest Av\u00eds Legal es regeix i s\u2019interpreta d\u2019acord amb la legislaci\u00f3 espanyola. Qualsevol controv\u00e8rsia que sorgeixi en relaci\u00f3 amb el compliment i interpretaci\u00f3 del present Av\u00eds Legal ser\u00e0 sotmesa als Jutjats i Tribunals de Barcelona, amb ren\u00fancia expressa a qualsevol altre fur que pogu\u00e9s correspondre.<\/p>\n<\/div>\n","protected":false},"excerpt":{"rendered":"<p>1. Introducci\u00f3 El present text (d\u2019ara endavant, l\u2019\u201cAv\u00eds Legal\u201d) estableix les condicions d\u2019\u00fas de la p\u00e0gina web https:\/\/www.ebocarestaurants.com\/restaurantes\/ (d\u2019ara endavant, la \u201cP\u00e0gina Web\u201d). L\u2019acc\u00e9s a aquesta atribueix al visitant la condici\u00f3 d\u2019Usuari (d\u2019ara endavant, l\u2019\u201cUsuari\u201d), cosa que implica l\u2019adhesi\u00f3 i el comprom\u00eds de compliment de totes i cadascuna de les condicions contingudes en aquest Av\u00eds &hellip;<\/p>\n","protected":false},"author":1,"featured_media":0,"parent":0,"menu_order":0,"comment_status":"closed","ping_status":"closed","template":"","meta":{"_acf_changed":false,"footnotes":""},"class_list":["post-1611","page","type-page","status-publish","hentry"],"acf":[],"_links":{"self":[{"href":"https:\/\/www.ebocarestaurants.com\/ca\/wp-json\/wp\/v2\/pages\/1611","targetHints":{"allow":["GET"]}}],"collection":[{"href":"https:\/\/www.ebocarestaurants.com\/ca\/wp-json\/wp\/v2\/pages"}],"about":[{"href":"https:\/\/www.ebocarestaurants.com\/ca\/wp-json\/wp\/v2\/types\/page"}],"author":[{"embeddable":true,"href":"https:\/\/www.ebocarestaurants.com\/ca\/wp-json\/wp\/v2\/users\/1"}],"replies":[{"embeddable":true,"href":"https:\/\/www.ebocarestaurants.com\/ca\/wp-json\/wp\/v2\/comments?post=1611"}],"version-history":[{"count":9,"href":"https:\/\/www.ebocarestaurants.com\/ca\/wp-json\/wp\/v2\/pages\/1611\/revisions"}],"predecessor-version":[{"id":7071,"href":"https:\/\/www.ebocarestaurants.com\/ca\/wp-json\/wp\/v2\/pages\/1611\/revisions\/7071"}],"wp:attachment":[{"href":"https:\/\/www.ebocarestaurants.com\/ca\/wp-json\/wp\/v2\/media?parent=1611"}],"curies":[{"name":"wp","href":"https:\/\/api.w.org\/{rel}","templated":true}]}}