{"id":1604,"date":"2024-09-02T11:01:32","date_gmt":"2024-09-02T11:01:32","guid":{"rendered":"https:\/\/www.ebocarestaurants.com\/politica-de-cancelacion\/"},"modified":"2026-03-13T08:52:33","modified_gmt":"2026-03-13T08:52:33","slug":"pollitica-de-cancellacio","status":"publish","type":"page","link":"https:\/\/www.ebocarestaurants.com\/ca\/pollitica-de-cancellacio\/","title":{"rendered":"POL\u00cdTICA DE CANCEL\u00b7LACI\u00d3"},"content":{"rendered":"<p>Un cop feta la reserva a trav\u00e9s de la p\u00e0gina web, rebr\u00e0 un correu electr\u00f2nic confirmant la seva validesa amb tota la informaci\u00f3 corresponent.<\/p>\n<p>Si desitja modificar la data de la reserva o el nombre de comensals, la seva petici\u00f3 ser\u00e0 atesa sempre que es realitzi amb una antelaci\u00f3 m\u00ednima respecte a l\u2019hora reservada i si existeixen places disponibles. Pot dur a terme aquest tr\u00e0mit trucant al tel\u00e8fon del restaurant.<\/p>\n<p>L\u2019informem que, dies abans de la data i hora reservades, rebr\u00e0 un correu electr\u00f2nic i\/o SMS en qu\u00e8 haur\u00e0 de reconfirmar o cancel\u00b7lar la reserva mitjan\u00e7ant els enlla\u00e7os habilitats a aquest efecte, si n\u2019hi hagu\u00e9s.<\/p>\n<p>Nom\u00e9s un cop hagi reconfirmat la reserva a trav\u00e9s del correu electr\u00f2nic o SMS, la seva reserva quedar\u00e0 completament confirmada.<\/p>\n<p>Si ho prefereix, pot confirmar la reserva trucant al tel\u00e8fon del restaurant abans de la data de la reserva.<\/p>\n<p>En cas que els comensals no es presentin, no es comuniqui cap av\u00eds per part seva, o no cancel\u00b7lin amb un m\u00ednim d\u2019hores d\u2019antelaci\u00f3 respecte a l\u2019hora reservada, es procedir\u00e0 a cobrar l\u2019import corresponent per persona, en cas que la reserva inclogui una pol\u00edtica de cancel\u00b7laci\u00f3 associada.<\/p>\n<p>Per aix\u00f2, en el moment de realitzar la reserva, i amb la finalitat de poder-la garantir, se sol\u00b7licitaran les dades d\u2019una targeta de cr\u00e8dit.<\/p>\n","protected":false},"excerpt":{"rendered":"<p>Un cop feta la reserva a trav\u00e9s de la p\u00e0gina web, rebr\u00e0 un correu electr\u00f2nic confirmant la seva validesa amb tota la informaci\u00f3 corresponent. Si desitja modificar la data de la reserva o el nombre de comensals, la seva petici\u00f3 ser\u00e0 atesa sempre que es realitzi amb una antelaci\u00f3 m\u00ednima respecte a l\u2019hora reservada i &hellip;<\/p>\n","protected":false},"author":2,"featured_media":0,"parent":0,"menu_order":0,"comment_status":"closed","ping_status":"closed","template":"","meta":{"_acf_changed":false,"footnotes":""},"class_list":["post-1604","page","type-page","status-publish","hentry"],"acf":[],"_links":{"self":[{"href":"https:\/\/www.ebocarestaurants.com\/ca\/wp-json\/wp\/v2\/pages\/1604","targetHints":{"allow":["GET"]}}],"collection":[{"href":"https:\/\/www.ebocarestaurants.com\/ca\/wp-json\/wp\/v2\/pages"}],"about":[{"href":"https:\/\/www.ebocarestaurants.com\/ca\/wp-json\/wp\/v2\/types\/page"}],"author":[{"embeddable":true,"href":"https:\/\/www.ebocarestaurants.com\/ca\/wp-json\/wp\/v2\/users\/2"}],"replies":[{"embeddable":true,"href":"https:\/\/www.ebocarestaurants.com\/ca\/wp-json\/wp\/v2\/comments?post=1604"}],"version-history":[{"count":4,"href":"https:\/\/www.ebocarestaurants.com\/ca\/wp-json\/wp\/v2\/pages\/1604\/revisions"}],"predecessor-version":[{"id":7287,"href":"https:\/\/www.ebocarestaurants.com\/ca\/wp-json\/wp\/v2\/pages\/1604\/revisions\/7287"}],"wp:attachment":[{"href":"https:\/\/www.ebocarestaurants.com\/ca\/wp-json\/wp\/v2\/media?parent=1604"}],"curies":[{"name":"wp","href":"https:\/\/api.w.org\/{rel}","templated":true}]}}